{"id":497,"date":"2025-10-29T16:15:34","date_gmt":"2025-10-29T15:15:34","guid":{"rendered":"https:\/\/grand-luxe.org\/?page_id=497"},"modified":"2025-11-17T14:20:53","modified_gmt":"2025-11-17T13:20:53","slug":"2025-2026-choreographers","status":"publish","type":"page","link":"https:\/\/grand-luxe.org\/index.php\/en\/2025-2026-choreographers\/","title":{"rendered":"2025-2026 Choreographers"},"content":{"rendered":"<p>[vc_section][vc_row][vc_column][vc_column_text]<\/p>\n<h1 style=\"text-align: center;\"><strong>2025-2026 Choreographers<\/strong><\/h1>\n<p>[\/vc_column_text][\/vc_column][\/vc_row][vc_row][vc_column width=\u00a0\u00bb1\/3&Prime;]<div  class=\"wpb_content_element   clearfix\"><style type=\"text\/css\">#ut_am_69ff6e87009e6 { opacity: 1; }#ut_am_wrap_69ff6e87009e7 .ut-image-gallery-item-caption-title h3 { letter-spacing: 0em; }#ut_am_wrap_69ff6e87009e7 .ut-gallery-slider-caption { font-weight: bold; }#ut_am_wrap_69ff6e87009e7 { text-align: left; }@media (min-width: 768px) and (max-width: 1024px) { #ut_am_wrap_69ff6e87009e7 { text-align: left !important; } }@media (max-width: 767px) { #ut_am_wrap_69ff6e87009e7 { text-align: center !important; } }<\/style><div id=\"ut_am_wrap_69ff6e87009e7\" class=\"ut-image-gallery-image \"><div id=\"ut_reveal_69ff6e87009e8\"  data-appear-top-offset=\"auto\" class=\"ut-animated-image-item ut-image-gallery-item ut-animation-done \"><a class=\"ut-deactivated-link\" href=\"#\"><div class=\"ut-animated-image-zoom\"><img loading=\"lazy\" decoding=\"async\" class=\"ut-lazy skip-lazy ut-animated-image \"  id=\"ut_am_69ff6e87009e6\" src=\"data:image\/svg+xml;charset=utf-8,%3Csvg xmlns%3D'http%3A%2F%2Fwww.w3.org%2F2000%2Fsvg' viewBox%3D'0 0 945 1322'%2F%3E\" data-src=\"https:\/\/grand-luxe.org\/wp-content\/uploads\/2025\/10\/Ludovico-PALADINI_LABRI-945x1322.jpeg\" width=\"945\" height=\"1322\" alt=\"\"\/><\/div><\/a><\/div><\/div><\/div>[vc_column_text]Ludovico Paladini<\/p>\n<p><em>Supported by L\u2019Abri \u2013 Gen\u00e8ve<\/em><\/p>\n<p data-start=\"38\" data-end=\"463\">Born in Rome in 1998, Ludovico Paladini graduated in 2020 from La Manufacture in Lausanne, Switzerland.<br data-start=\"141\" data-end=\"144\" \/>In 2021, Ludovico joined Maria La Ribot\u2019s company, with whom he created and performed <em data-start=\"230\" data-end=\"239\">La Bola<\/em> (2021) and <em data-start=\"251\" data-end=\"267\">DIEstinguished<\/em> (2022), and he presented his own creation <em data-start=\"310\" data-end=\"324\" data-is-only-node=\"\">Ombregraphie<\/em> (2023) at the ADC in Geneva.<br data-start=\"353\" data-end=\"356\" \/>Since 2020, he has been collaborating with choreographer Olivia Grandville as both creator and performer.<\/p>\n<p data-start=\"465\" data-end=\"735\">In 2020, he created <em data-start=\"485\" data-end=\"504\">Tales of FreeDoom<\/em> at the Teatro delle Muse in Ancona, which was restaged at the INTEATRO festival in Polverigi in 2021 and in Pesaro in December 2021.<br data-start=\"637\" data-end=\"640\" \/>In 2022, he co-wrote with Riccardo Saraceni a film version of the aforementioned performance.<\/p>\n<p data-start=\"737\" data-end=\"1013\">In the same month, he was in residency at the Oriente Occidente studios in Rovereto for the project <em data-start=\"837\" data-end=\"848\">Leftovers<\/em>, a project he has continued at the Microcosmi Festival in Avacelli (2022), at the KM de Danse in La Rochelle (2024), and at the F\u00eate de la Danse in Geneva (2024).<\/p>\n<p data-start=\"1015\" data-end=\"1089\" data-is-last-node=\"\" data-is-only-node=\"\">Since September 2023, he has been an associate artist at L\u2019Abri in Geneva.<\/p>\n<p><a href=\"https:\/\/labrigeneve.ch\/artistes\/ludovico-paladini\">https:\/\/labrigeneve.ch\/artistes\/ludovico-paladini<\/a><br \/>\n<a href=\"https:\/\/www.instagram.com\/ludovico_paladini\/\">https:\/\/www.instagram.com\/ludovico_paladini\/<\/a>[\/vc_column_text][\/vc_column][vc_column width=\u00a0\u00bb1\/3&Prime;]<div  class=\"wpb_content_element   clearfix\"><style type=\"text\/css\">#ut_am_69ff6e87012e6 { opacity: 1; }#ut_am_wrap_69ff6e87012e7 .ut-image-gallery-item-caption-title h3 { letter-spacing: 0em; }#ut_am_wrap_69ff6e87012e7 .ut-gallery-slider-caption { font-weight: bold; }#ut_am_wrap_69ff6e87012e7 { text-align: left; }@media (min-width: 768px) and (max-width: 1024px) { #ut_am_wrap_69ff6e87012e7 { text-align: left !important; } }@media (max-width: 767px) { #ut_am_wrap_69ff6e87012e7 { text-align: center !important; } }<\/style><div id=\"ut_am_wrap_69ff6e87012e7\" class=\"ut-image-gallery-image \"><div id=\"ut_reveal_69ff6e87012e8\"  data-appear-top-offset=\"auto\" class=\"ut-animated-image-item ut-image-gallery-item ut-animation-done \"><a class=\"ut-deactivated-link\" href=\"#\"><div class=\"ut-animated-image-zoom\"><img loading=\"lazy\" decoding=\"async\" class=\"ut-lazy skip-lazy ut-animated-image \"  id=\"ut_am_69ff6e87012e6\" src=\"data:image\/svg+xml;charset=utf-8,%3Csvg xmlns%3D'http%3A%2F%2Fwww.w3.org%2F2000%2Fsvg' viewBox%3D'0 0 945 1322'%2F%3E\" data-src=\"https:\/\/grand-luxe.org\/wp-content\/uploads\/2025\/10\/TROIS-C-L-Catarina-Barbosa-\u00a9-L.Junet-Photographie-945x1322.jpg\" width=\"945\" height=\"1322\" alt=\"\"\/><\/div><\/a><\/div><\/div><\/div>[vc_column_text]Catarina Barbosa<\/p>\n<p><em>Supported by TROIS C-L in Luxembourg<\/em><\/p>\n<p class=\"sqsrte-large preFade fadeIn\">Catarina Barbosa is originally from Portugal. She joined the Portuguese National Conservatory in Lisbon in 2009. She completed\u00a0 her professional training abroad at the Ballet Junior de Gen\u00e8ve, until 2014. She had the opportunity to work on pieces by Stjin Celis, Roy Assaf, Gustavo Ramirez, Lucinda Childs, and others. During her last year with Ballet Junior, Catarina also joined Compagnie Gilles Jobin (CH) and took part in the creation \u201cQuantum\u201d in July 2013, which toured internationally.<br \/>\nBased in Luxembourg since 2016, she works for her company AWA As We Are, of which she is Co-founder and Artistic Director with Baptiste Hilbert, and also works as a freelance artist. She collaborates with various choreographers including Benvindo da Fonseca (PT), Arthur Pita (UK) and L\u00e9a Tirabasso (LU\/UK) and others. L\u00e9a Tirabasso\u2019s piece <em>The Ephemeral Life of an Octopus<\/em>gave her the chance to perform in one of the <em>Last twenty<\/em>pieces in the renowned Aerowaves competition.<br \/>\nCatarina is now leading the artistic part of the company creating the trio <em>MARY\u2019S DAUGHTERS<\/em>, opening in May 2025, and a solo <em>estranha forma<\/em>, opening in November 2025.<\/p>\n<p><a href=\"https:\/\/www.awa-asweare.com\/\">awa-asweare.com\/<\/a>[\/vc_column_text][\/vc_column][vc_column width=\u00a0\u00bb1\/3&Prime;]<div  class=\"wpb_content_element   clearfix\"><style type=\"text\/css\">#ut_am_69ff6e8701dea { opacity: 1; }#ut_am_wrap_69ff6e8701deb .ut-image-gallery-item-caption-title h3 { letter-spacing: 0em; }#ut_am_wrap_69ff6e8701deb .ut-gallery-slider-caption { font-weight: bold; }#ut_am_wrap_69ff6e8701deb { text-align: left; }@media (min-width: 768px) and (max-width: 1024px) { #ut_am_wrap_69ff6e8701deb { text-align: left !important; } }@media (max-width: 767px) { #ut_am_wrap_69ff6e8701deb { text-align: center !important; } }<\/style><div id=\"ut_am_wrap_69ff6e8701deb\" class=\"ut-image-gallery-image \"><div id=\"ut_reveal_69ff6e8701dec\"  data-appear-top-offset=\"auto\" class=\"ut-animated-image-item ut-image-gallery-item ut-animation-done \"><a class=\"ut-deactivated-link\" href=\"#\"><div class=\"ut-animated-image-zoom\"><img loading=\"lazy\" decoding=\"async\" class=\"ut-lazy skip-lazy ut-animated-image \"  id=\"ut_am_69ff6e8701dea\" src=\"data:image\/svg+xml;charset=utf-8,%3Csvg xmlns%3D'http%3A%2F%2Fwww.w3.org%2F2000%2Fsvg' viewBox%3D'0 0 945 1322'%2F%3E\" data-src=\"https:\/\/grand-luxe.org\/wp-content\/uploads\/2025\/11\/01_MarieCambois-945x1322.jpg\" width=\"945\" height=\"1322\" alt=\"\"\/><\/div><\/a><\/div><\/div><\/div>[vc_column_text]Marie Cambois<\/p>\n<p><em>Supported by POLE SUD \u2013 CDCN de Strasbourg<\/em><\/p>\n<p>As a performer and project leader, Marie Cambois enjoys multidisciplinary forms where each person works with their own medium within a shared creative process, whether improvised or composed. Her main focus is the relationship between dance and music, and she has collaborated with numerous musicians for over twenty years. Today, her research is divided between different areas: dialogue with sound and light, and the coexistence of sensitive materials and theatrical performance within the same projects. Initially a trainer for the State Diploma in Contemporary Dance Teaching (1996-2004) and artistic director of the Mille Failles company (2000-2008), Marie Cambois now develops her choreographic work and mediation activities within La distillerie collective. Although she now works almost exclusively as a choreographer, she still occasionally joins projects led by other artists as a movement consultant or improvisational dancer.<\/p>\n<p><a href=\"https:\/\/www.mariecambois.fr\/\">https:\/\/www.mariecambois.fr\/<\/a>[\/vc_column_text][\/vc_column][\/vc_row][vc_row][vc_column width=\u00a0\u00bb1\/3&Prime;]<div  class=\"wpb_content_element   clearfix\"><style type=\"text\/css\">#ut_am_69ff6e8702897 { opacity: 1; }#ut_am_wrap_69ff6e8702898 .ut-image-gallery-item-caption-title h3 { letter-spacing: 0em; }#ut_am_wrap_69ff6e8702898 .ut-gallery-slider-caption { font-weight: bold; }#ut_am_wrap_69ff6e8702898 { text-align: left; }@media (min-width: 768px) and (max-width: 1024px) { #ut_am_wrap_69ff6e8702898 { text-align: left !important; } }@media (max-width: 767px) { #ut_am_wrap_69ff6e8702898 { text-align: center !important; } }<\/style><div id=\"ut_am_wrap_69ff6e8702898\" class=\"ut-image-gallery-image \"><div id=\"ut_reveal_69ff6e8702899\"  data-appear-top-offset=\"auto\" class=\"ut-animated-image-item ut-image-gallery-item ut-animation-done \"><a class=\"ut-deactivated-link\" href=\"#\"><div class=\"ut-animated-image-zoom\"><img loading=\"lazy\" decoding=\"async\" class=\"ut-lazy skip-lazy ut-animated-image \"  id=\"ut_am_69ff6e8702897\" src=\"data:image\/svg+xml;charset=utf-8,%3Csvg xmlns%3D'http%3A%2F%2Fwww.w3.org%2F2000%2Fsvg' viewBox%3D'0 0 945 1322'%2F%3E\" data-src=\"https:\/\/grand-luxe.org\/wp-content\/uploads\/2025\/10\/01_LeslieMannes-945x1322.jpg\" width=\"945\" height=\"1322\" alt=\"\"\/><\/div><\/a><\/div><\/div><\/div>[vc_column_text]Leslie Mann\u00e8s<\/p>\n<p><em>Supported by Grand Studio in Brussels<\/em><\/p>\n<p>Leslie Mann\u00e8s is a graduate of P.A.R.T.S (Brussels &#8211; 1st cycle), SEAD (Salzburg) and the Master in Performing Arts &#8211; ULB (Brussels). She performed for Cie Mossoux-Bont\u00e9, Ayelen Parolin, Maxence Rey, Ingrid von Wantoch Rekowski and film directors Patricia Gelise and Nicolas Deschuyteneer.<br \/>\nLeslie Mann\u00e8s has been developing her choreographic work since 2005. Her creations take place mainly on stage, but also explore other relationships with audiences in participatory settings. Using dance and movement as vectors of energy and emancipation, Leslie Mann\u00e8s aims to propose experiences that pay attention to the link in order to reintegrate people into society, to reinvent the way in which relationships are forged between and with audiences. She imagines these scenic experiences as welcoming devices designed to encourage encounters and the emergence of new shared imaginations.<br \/>\nHer last creation <em>SOUS LE VOLCAN<\/em> (2024) invites a group of five dancers to seek out new forms of cooperation. Her research into new folklores is reflected in participatory in-situ creations like <em>SPRING-FIRE<\/em> or the <em>OMENS<\/em> at Charleroi\u2019s CARNAVAL in collaboration with Charleroi-danse and L\u2019Eden.<br \/>\nLeslie Mann\u00e8s is a partner artist of Th\u00e9\u00e2tre Varia from 2024 to 2028 and is structurally supported by the F\u00e9d\u00e9ration Wallonie Bruxelles &#8211; service de la danse, through a contract-program from 2024 to 2028.<\/p>\n<p><a href=\"https:\/\/lesliemannes.com\/\" target=\"_blank\" rel=\"noopener\">https:\/\/lesliemannes.com\/<\/a>[\/vc_column_text][\/vc_column][vc_column width=\u00a0\u00bb1\/3&Prime;]<div  class=\"wpb_content_element   clearfix\"><style type=\"text\/css\">#ut_am_69ff6e87034c4 { opacity: 1; }#ut_am_wrap_69ff6e87034c5 .ut-image-gallery-item-caption-title h3 { letter-spacing: 0em; }#ut_am_wrap_69ff6e87034c5 .ut-gallery-slider-caption { font-weight: bold; }#ut_am_wrap_69ff6e87034c5 { text-align: left; }@media (min-width: 768px) and (max-width: 1024px) { #ut_am_wrap_69ff6e87034c5 { text-align: left !important; } }@media (max-width: 767px) { #ut_am_wrap_69ff6e87034c5 { text-align: center !important; } }<\/style><div id=\"ut_am_wrap_69ff6e87034c5\" class=\"ut-image-gallery-image \"><div id=\"ut_reveal_69ff6e87034c6\"  data-appear-top-offset=\"auto\" class=\"ut-animated-image-item ut-image-gallery-item ut-animation-done \"><a class=\"ut-deactivated-link\" href=\"#\"><div class=\"ut-animated-image-zoom\"><img loading=\"lazy\" decoding=\"async\" class=\"ut-lazy skip-lazy ut-animated-image \"  id=\"ut_am_69ff6e87034c4\" src=\"data:image\/svg+xml;charset=utf-8,%3Csvg xmlns%3D'http%3A%2F%2Fwww.w3.org%2F2000%2Fsvg' viewBox%3D'0 0 945 1322'%2F%3E\" data-src=\"https:\/\/grand-luxe.org\/wp-content\/uploads\/2025\/10\/PORTO_Wura_Moraes_por_Loke_Wolf-min-945x1322.jpg\" width=\"945\" height=\"1322\" alt=\"\"\/><\/div><\/a><\/div><\/div><\/div>[vc_column_text]Wura Moraes<\/p>\n<p><i>Supported b<\/i><em>y CAMPUS Paulo Cunha e Silva<\/em><\/p>\n<p>Wura Moraes is a Portuguese-Brazilian dancer who has been developing her choreographic work across the Atlantic. She graduated from Faculdade Angel Vianna (Brazil) and trained at \u00c9cole des Sables (Senegal), EDIT (Burkina Faso), and FAICC (Portugal).<\/p>\n<p>As a performer, she has had the opportunity to work with Emmanuelle Huynh, Joana Lopes, Loke Wolf, Gil Mac, Dori Nigro, Charles Cardin-Bourbeau, Calixto Neto, M\u00f3nica de Miranda, V\u00e2nia Doutel Vaz, Bod Wilson trio and Ana Rita Xavier. In a co-production with the DDD \u2014 Festival Dias da Dan\u00e7a, she created solo piece HENDA I XALA, and now REVERBERA\u00c7\u00d5ES, both as part of her major-project Conflu\u00eancias (Confluences), in homage of her father M\u00e1rio Calixto (1960-1997) and Milt\u00e9rcio Santos (1963-2024), both dancers and choreographers.<\/p>\n<p><a href=\"https:\/\/www.instagram.com\/wuramoraes\/\" target=\"_blank\" rel=\"noopener\">Learn more<\/a>[\/vc_column_text][\/vc_column][vc_column width=\u00a0\u00bb1\/3&Prime;]<div  class=\"wpb_content_element   clearfix\"><style type=\"text\/css\">#ut_am_69ff6e8703e25 { opacity: 1; }#ut_am_wrap_69ff6e8703e26 .ut-image-gallery-item-caption-title h3 { letter-spacing: 0em; }#ut_am_wrap_69ff6e8703e26 .ut-gallery-slider-caption { font-weight: bold; }#ut_am_wrap_69ff6e8703e26 { text-align: left; }@media (min-width: 768px) and (max-width: 1024px) { #ut_am_wrap_69ff6e8703e26 { text-align: left !important; } }@media (max-width: 767px) { #ut_am_wrap_69ff6e8703e26 { text-align: center !important; } }<\/style><div id=\"ut_am_wrap_69ff6e8703e26\" class=\"ut-image-gallery-image \"><div id=\"ut_reveal_69ff6e8703e27\"  data-appear-top-offset=\"auto\" class=\"ut-animated-image-item ut-image-gallery-item ut-animation-done \"><a class=\"ut-deactivated-link\" href=\"#\"><div class=\"ut-animated-image-zoom\"><img loading=\"lazy\" decoding=\"async\" class=\"ut-lazy skip-lazy ut-animated-image \"  id=\"ut_am_69ff6e8703e25\" src=\"data:image\/svg+xml;charset=utf-8,%3Csvg xmlns%3D'http%3A%2F%2Fwww.w3.org%2F2000%2Fsvg' viewBox%3D'0 0 945 1322'%2F%3E\" data-src=\"https:\/\/grand-luxe.org\/wp-content\/uploads\/2025\/10\/Jonas-Frey_c-Marie-Preaud_THEATER_FREIBURG-945x1322.jpg\" width=\"945\" height=\"1322\" alt=\"\"\/><\/div><\/a><\/div><\/div><\/div>[vc_column_text]Jonas Frey<\/p>\n<p><em>Supported by Theater Freiburg<\/em><\/p>\n<p>Jonas Frey is a Germany-based choreographer, dancer, and dance educator with roots in Hip Hop and breaking. After studying at ArtEZ School of Dance and completing an MA in Choreography at Codarts\/Fontys, he creates works at the intersection of club- and streetdance and contemporary choreography.<\/p>\n<p>His practice is shaped by co-creation, encouraging all collaborators to become co-authors in the process. Jonas\u2019 works are presented in his home base of Mannheim as well as nationally and internationally. Together with Julie P\u00e9card, he directs the Junior Company at EinTanzHaus and co-directs Mpower Urban, a platform for choreographic development in club- and streetstyles. In 2025\u201326 he is a resident artist at Theater Freiburg within the Reseau Grand Luxe.<\/p>\n<p><a href=\"https:\/\/jonas-frey.com\/\" target=\"_blank\" rel=\"noopener\">https:\/\/jonas-frey.com\/<\/a>[\/vc_column_text][\/vc_column][\/vc_row][vc_row][vc_column width=\u00a0\u00bb1\/2&Prime;]<div  class=\"wpb_content_element   clearfix\"><style type=\"text\/css\">#ut_am_69ff6e87049cc { opacity: 1; }#ut_am_wrap_69ff6e87049cd .ut-image-gallery-item-caption-title h3 { letter-spacing: 0em; }#ut_am_wrap_69ff6e87049cd .ut-gallery-slider-caption { font-weight: bold; }#ut_am_wrap_69ff6e87049cd { text-align: left; }@media (min-width: 768px) and (max-width: 1024px) { #ut_am_wrap_69ff6e87049cd { text-align: left !important; } }@media (max-width: 767px) { #ut_am_wrap_69ff6e87049cd { text-align: center !important; } }<\/style><div id=\"ut_am_wrap_69ff6e87049cd\" class=\"ut-image-gallery-image \"><div id=\"ut_reveal_69ff6e87049ce\"  data-appear-top-offset=\"auto\" class=\"ut-animated-image-item ut-image-gallery-item ut-animation-done \"><a class=\"ut-deactivated-link\" href=\"#\"><div class=\"ut-animated-image-zoom\"><img loading=\"lazy\" decoding=\"async\" class=\"ut-lazy skip-lazy ut-animated-image \"  id=\"ut_am_69ff6e87049cc\" src=\"data:image\/svg+xml;charset=utf-8,%3Csvg xmlns%3D'http%3A%2F%2Fwww.w3.org%2F2000%2Fsvg' viewBox%3D'0 0 945 1322'%2F%3E\" data-src=\"https:\/\/grand-luxe.org\/wp-content\/uploads\/2025\/11\/efthimios-bio-pic-Credit-Xenia-Koghilaki-\u039e\u03ad\u03bd\u03b9\u03b1-\u039a\u03bf\u03b3\u03c7\u03c5\u03bb\u03ac\u03ba\u03b7-3-945x1322.jpg\" width=\"945\" height=\"1322\" alt=\"\"\/><\/div><\/a><\/div><\/div><\/div>[\/vc_column][vc_column width=\u00a0\u00bb1\/2&Prime;]<div  class=\"wpb_content_element   clearfix\"><style type=\"text\/css\">#ut_am_69ff6e87053ae { opacity: 1; }#ut_am_wrap_69ff6e87053af .ut-image-gallery-item-caption-title h3 { letter-spacing: 0em; }#ut_am_wrap_69ff6e87053af .ut-gallery-slider-caption { font-weight: bold; }#ut_am_wrap_69ff6e87053af { text-align: left; }@media (min-width: 768px) and (max-width: 1024px) { #ut_am_wrap_69ff6e87053af { text-align: left !important; } }@media (max-width: 767px) { #ut_am_wrap_69ff6e87053af { text-align: center !important; } }<\/style><div id=\"ut_am_wrap_69ff6e87053af\" class=\"ut-image-gallery-image \"><div id=\"ut_reveal_69ff6e87053b0\"  data-appear-top-offset=\"auto\" class=\"ut-animated-image-item ut-image-gallery-item ut-animation-done \"><a class=\"ut-deactivated-link\" href=\"#\"><div class=\"ut-animated-image-zoom\"><img loading=\"lazy\" decoding=\"async\" class=\"ut-lazy skip-lazy ut-animated-image \"  id=\"ut_am_69ff6e87053ae\" src=\"data:image\/svg+xml;charset=utf-8,%3Csvg xmlns%3D'http%3A%2F%2Fwww.w3.org%2F2000%2Fsvg' viewBox%3D'0 0 945 1322'%2F%3E\" data-src=\"https:\/\/grand-luxe.org\/wp-content\/uploads\/2025\/10\/25_26_Maureeb-Nass-_-CCN-Ballet-du-Rhin-de-Mulhouse-945x1322.jpg\" width=\"945\" height=\"1322\" alt=\"\"\/><\/div><\/a><\/div><\/div><\/div>[\/vc_column][\/vc_row][vc_row][vc_column width=\u00a0\u00bb1\/2&Prime;][vc_column_text]Efthimi\u03bfs Moschopoulos<\/p>\n<p><em>Supported by Onassis Stegi, Athens<\/em><\/p>\n<p>Born in Kefalonia in 1992, Efthimios Moschopoulos is a Greek dancer currently based in Athens. He studied dance at the Greek National School of Dance (KSOT, 2014) and philosophy, pedagogy, and psychology at the National and Kapodistrian University of Athens (2010).<\/p>\n<p>\u0397e has been performing and creating as a dance artist since 2017 in Greece and internationally. He has collaborated, among others, with Ginevra Panzetti &amp; Enrico Ticconi, Euripides Laskaridis, Christos Papadopoulos, Armin Hokmi, Romeo Castellucci, Sofia Mavragani, Artemis Lampiri, Pierre Bal-Blanc, Cally Spooner, Xenia Koghilaki, and Andonis Foniadakis in productions presented both in Greece and abroad. He has performed in several festivals, including Julidans Festival (the Netherlands), Lyon Dance Biennale (France), Tanz im August \/ Tanzfabrik (Germany), Festival TransAm\u00e9riques (Canada), International Festival of Buenos Aires (Argentina), Romaeuropa Festival (Italy), Dublin Dance Festival (Ireland), and Athens and Epidaurus Festival (Greece).<\/p>\n<p>He has presented his work in the New Choreographers Festival 8 at Onassis Stegi (collaborative piece \u201cBesuch,\u201d 2021) and has worked as stage movement director for several theater productions. In 2020, he was awarded the Stavros Niarchos Foundation Artist Fellowship by ARTWORKS.<\/p>\n<p>Efthimios Moschopoulos is an Onassis AiR Fellow for 2024\/25 through the Dramaturgy Fellowship and for 2025\/26 in the context of Grand Luxe Network.<\/p>\n<p><a href=\"https:\/\/labri-geneve.com\/blog\/efthimios-moschopoulos\" target=\"_blank\" rel=\"noopener\">Learn more<\/a>[\/vc_column_text][\/vc_column][vc_column width=\u00a0\u00bb1\/2&Prime;][vc_column_text]Maureen Nass<\/p>\n<p><em>Supported by Ballet de l&rsquo;Op\u00e9ra national du Rhin<\/em><\/p>\n<p data-start=\"41\" data-end=\"703\">After training in visual arts at the Haute \u00c9cole des Arts du Rhin and studying philosophy, Maureen joined Coline, a professional dancer-interpreter training program, and graduated in 2020. She subsequently worked with choreographers Joanne Leighton (<em data-start=\"291\" data-end=\"297\">WLDN<\/em>), Caroline Grosjean (<em data-start=\"319\" data-end=\"337\">Pi\u00e8ces D\u00e9tach\u00e9es<\/em>), and Vincent Dupuy (<em data-start=\"359\" data-end=\"366\">Atlas<\/em>), becoming a regular performer both on stage and in site-specific contexts. She has also contributed to projects involving somatic and choreographic practice with Linda Hayford (CCNRB), architect Ricardo Suanez, and in hypnotic transmission alongside Catherine Contour. Additionally, she continues her training in Body-Mind Centering.<\/p>\n<p data-start=\"705\" data-end=\"933\" data-is-last-node=\"\" data-is-only-node=\"\">She regularly participates in multidisciplinary performative events combining dance, photography, video, and art-science research, while developing her own work at the intersection of these disciplines through the project <em data-start=\"927\" data-end=\"932\">MAY<\/em>.<\/p>\n<p><a href=\"https:\/\/www.aceac.fr\/artiste-associee\">https:\/\/www.aceac.fr\/artiste-associee<\/a>[\/vc_column_text][\/vc_column][\/vc_row][\/vc_section]<\/p>\n","protected":false},"excerpt":{"rendered":"<p>[vc_section][vc_row][vc_column][vc_column_text] 2025-2026 Choreographers [\/vc_column_text][\/vc_column][\/vc_row][vc_row][vc_column width=\u00a0\u00bb1\/3&Prime;][vc_column_text]Ludovico Paladini Supported by L\u2019Abri \u2013 Gen\u00e8ve Born in Rome in 1998, Ludovico Paladini graduated in 2020 from La Manufacture in Lausanne, Switzerland.In 2021, Ludovico joined Maria La Ribot\u2019s company, with whom he created and performed La Bola (2021) and DIEstinguished (2022), and he presented his own creation Ombregraphie (2023) at [&hellip;]<\/p>\n","protected":false},"author":1,"featured_media":0,"parent":0,"menu_order":0,"comment_status":"closed","ping_status":"closed","template":"","meta":{"footnotes":""},"class_list":["post-497","page","type-page","status-publish","hentry"],"_links":{"self":[{"href":"https:\/\/grand-luxe.org\/index.php\/wp-json\/wp\/v2\/pages\/497","targetHints":{"allow":["GET"]}}],"collection":[{"href":"https:\/\/grand-luxe.org\/index.php\/wp-json\/wp\/v2\/pages"}],"about":[{"href":"https:\/\/grand-luxe.org\/index.php\/wp-json\/wp\/v2\/types\/page"}],"author":[{"embeddable":true,"href":"https:\/\/grand-luxe.org\/index.php\/wp-json\/wp\/v2\/users\/1"}],"replies":[{"embeddable":true,"href":"https:\/\/grand-luxe.org\/index.php\/wp-json\/wp\/v2\/comments?post=497"}],"version-history":[{"count":16,"href":"https:\/\/grand-luxe.org\/index.php\/wp-json\/wp\/v2\/pages\/497\/revisions"}],"predecessor-version":[{"id":652,"href":"https:\/\/grand-luxe.org\/index.php\/wp-json\/wp\/v2\/pages\/497\/revisions\/652"}],"wp:attachment":[{"href":"https:\/\/grand-luxe.org\/index.php\/wp-json\/wp\/v2\/media?parent=497"}],"curies":[{"name":"wp","href":"https:\/\/api.w.org\/{rel}","templated":true}]}}