{"id":17,"date":"2023-12-01T17:31:53","date_gmt":"2023-12-01T16:31:53","guid":{"rendered":"http:\/\/grand-luxe.org\/?page_id=17"},"modified":"2026-02-26T09:46:25","modified_gmt":"2026-02-26T08:46:25","slug":"grand-luxe","status":"publish","type":"page","link":"https:\/\/grand-luxe.org\/","title":{"rendered":"Grand Luxe"},"content":{"rendered":"<p>[vc_row][vc_column][vc_empty_space height=\u00a0\u00bb60px\u00a0\u00bb][vc_column_text]Initi\u00e9 en 2015 et prenant appui sur\u00a0<strong>neuf structures partenaires<\/strong>\u00a0le r\u00e9seau Grand Luxe poursuit des missions de d\u00e9veloppement de la danse en proposant de mettre en place un\u00a0<strong>circuit d\u2019accompagnement \u00e0 la carte<\/strong>\u00a0<strong>destin\u00e9 aux nouveaux cr\u00e9ateur.ice.s chor\u00e9graphiques et \u00e0 leurs projets.<\/strong>\u00a0Ce r\u00e9seau se d\u00e9finit comme un comptoir d\u2019\u00e9changes artistiques au service de chor\u00e9graphes \u00e9mergent.e.s d\u00e9sirant d\u00e9velopper de nouveaux projets.<\/p>\n<p>Aujourd&rsquo;hui huit structures \u2013 Le <a href=\"http:\/\/grandstudio.be\/\"><strong>Grand Studio<\/strong><\/a> \u00e0 Bruxelles, Le <a href=\"https:\/\/ballet-de-lorraine.eu\/\"><strong>Centre Chor\u00e9graphique National \u2013\u00a0Ballet de Lorraine<\/strong><\/a>, le\u00a0<a href=\"https:\/\/www.operanationaldurhin.eu\/fr\/l-opera-national-du-rhin\/le-ccn-ballet-de-l-opera-national-du-rhin\"><strong>Ballet de l\u2019Op\u00e9ra national du Rhin<\/strong><\/a><strong>\u00a0\u2013 CCN de Mulhouse,\u00a0<\/strong><a href=\"https:\/\/www.pole-sud.fr\/\"><strong>P\u00f4le Sud\u00a0\u2013 Centre de D\u00e9veloppement Chor\u00e9graphique National de Strasbourg<\/strong><\/a> et le\u00a0<a href=\"https:\/\/www.danse.lu\/\"><strong>Trois C-L | Maison pour la danse<\/strong><\/a><a href=\"https:\/\/www.danse.lu\/\">,<\/a> le\u00a0<a href=\"https:\/\/theater.freiburg.de\/de_DE\/home\"><strong>Theater Freiburg<\/strong><\/a><a href=\"https:\/\/theater.freiburg.de\/de_DE\/home\">\u00a0,\u00a0<\/a>\u00a0<a href=\"http:\/\/labrigeneve.ch\"><strong>L\u2019Abri \u2013 Gen\u00e8ve <\/strong><\/a>\u00a0et le <a href=\"https:\/\/campuspcs.pt\/en\"><strong>CAMPUS Paulo Cunha e Silva<\/strong> <\/a>\u2013 ont d\u00e9cid\u00e9 de mettre en commun leur savoir-faire et leurs \u00e9quipes au service de projets artistiques issus de leurs territoires qui n\u00e9cessitent, \u00e0 un moment de leur d\u00e9veloppement, une aide sp\u00e9cifique et adapt\u00e9e. C\u2019est par la combinaison des richesses de chacun de ses membres \u2013 espaces de travail, personnes, ressources, regards ext\u00e9rieurs, aide administrative, conseils et accompagnement, captations, formation \u2013 que chaque programme de soutien est \u00e9tabli. Ce r\u00e9seau, unique en son genre, renouvelle l\u2019esprit du \u00ab faire ensemble \u00bb en inventant de nouveaux modes d\u2019interventions en dehors des circuits habituels de la production et de la diffusion.[\/vc_column_text][vc_row_inner][vc_column_inner width=\u00a0\u00bb1\/3&Prime;]<div  class=\"wpb_content_element   clearfix\"><style type=\"text\/css\">#ut_am_69f1f2775f29e { opacity: 1; }#ut_am_wrap_69f1f2775f29f .ut-image-gallery-item-caption-title h3 { color: #66468f; }#ut_am_wrap_69f1f2775f29f .ut-image-gallery-item-caption-title-style-2 h3 { color: #66468f; }#ut_am_wrap_69f1f2775f29f .ut-animated-image-zoom::after { background: url(https:\/\/grand-luxe.org\/wp-content\/uploads\/2023\/12\/valeriecarre.png); }#ut_am_wrap_69f1f2775f29f .ut-image-gallery-item-caption-title-style-2 h3 { letter-spacing: 0em; }#ut_am_wrap_69f1f2775f29f .ut-gallery-slider-caption { font-weight: bold; }#ut_am_wrap_69f1f2775f29f { text-align: center; }@media (min-width: 768px) and (max-width: 1024px) { #ut_am_wrap_69f1f2775f29f { text-align: center !important; } }@media (max-width: 767px) { #ut_am_wrap_69f1f2775f29f { text-align: center !important; } }<\/style><div id=\"ut_am_wrap_69f1f2775f29f\" class=\"ut-image-gallery-image \"><div id=\"ut_reveal_69f1f2775f2a0\"  data-appear-top-offset=\"auto\" class=\"ut-animated-image-item ut-image-gallery-item ut-animation-done \"><a target=\"_self\" href=\"http:\/\/grand-luxe.org\/index.php\/choregraphes-grand-luxe\/\" ><div class=\"ut-animated-image-zoom\"><img loading=\"lazy\" decoding=\"async\" class=\"ut-lazy skip-lazy ut-animated-image \"  id=\"ut_am_69f1f2775f29e\" src=\"data:image\/svg+xml;charset=utf-8,%3Csvg xmlns%3D'http%3A%2F%2Fwww.w3.org%2F2000%2Fsvg' viewBox%3D'0 0 945 945'%2F%3E\" data-src=\"https:\/\/grand-luxe.org\/wp-content\/uploads\/2023\/12\/valeriecarre.png\" width=\"945\" height=\"945\" alt=\"\"\/><\/div><\/a><\/div><\/div><\/div>[\/vc_column_inner][vc_column_inner width=\u00a0\u00bb1\/3&Prime;]<div  class=\"wpb_content_element   clearfix\"><style type=\"text\/css\">#ut_am_69f1f2775f6cd { opacity: 1; }#ut_am_wrap_69f1f2775f6ce .ut-image-gallery-item-caption-title h3 { color: #66468f; }#ut_am_wrap_69f1f2775f6ce .ut-image-gallery-item-caption-title-style-2 h3 { color: #66468f; }#ut_am_wrap_69f1f2775f6ce .ut-animated-image-zoom::after { background: url(https:\/\/grand-luxe.org\/wp-content\/uploads\/2023\/12\/studiodanseresidences-carre.png); }#ut_am_wrap_69f1f2775f6ce .ut-image-gallery-item-caption-title-style-2 h3 { letter-spacing: 0em; }#ut_am_wrap_69f1f2775f6ce .ut-gallery-slider-caption { font-weight: bold; }#ut_am_wrap_69f1f2775f6ce { text-align: center; }@media (min-width: 768px) and (max-width: 1024px) { #ut_am_wrap_69f1f2775f6ce { text-align: center !important; } }@media (max-width: 767px) { #ut_am_wrap_69f1f2775f6ce { text-align: center !important; } }<\/style><div id=\"ut_am_wrap_69f1f2775f6ce\" class=\"ut-image-gallery-image \"><div id=\"ut_reveal_69f1f2775f6cf\"  data-appear-top-offset=\"auto\" class=\"ut-animated-image-item ut-image-gallery-item ut-animation-done \"><a target=\"_self\" href=\"http:\/\/grand-luxe.org\/index.php\/suivi-et-residences\/\" ><div class=\"ut-animated-image-zoom\"><img loading=\"lazy\" decoding=\"async\" class=\"ut-lazy skip-lazy ut-animated-image \"  id=\"ut_am_69f1f2775f6cd\" src=\"data:image\/svg+xml;charset=utf-8,%3Csvg xmlns%3D'http%3A%2F%2Fwww.w3.org%2F2000%2Fsvg' viewBox%3D'0 0 945 945'%2F%3E\" data-src=\"https:\/\/grand-luxe.org\/wp-content\/uploads\/2023\/12\/studiodanseresidences-carre.png\" width=\"945\" height=\"945\" alt=\"\"\/><\/div><\/a><\/div><\/div><\/div>[\/vc_column_inner][vc_column_inner width=\u00a0\u00bb1\/3&Prime;]<div  class=\"wpb_content_element   clearfix\"><style type=\"text\/css\">#ut_am_69f1f2775fa70 { opacity: 1; }#ut_am_wrap_69f1f2775fa71 .ut-image-gallery-item-caption-title h3 { color: #66468f; }#ut_am_wrap_69f1f2775fa71 .ut-image-gallery-item-caption-title-style-2 h3 { color: #66468f; }#ut_am_wrap_69f1f2775fa71 .ut-animated-image-zoom::after { background: url(https:\/\/grand-luxe.org\/wp-content\/uploads\/2023\/12\/ka-carre.png); }#ut_am_wrap_69f1f2775fa71 .ut-image-gallery-item-caption-title-style-2 h3 { letter-spacing: 0em; }#ut_am_wrap_69f1f2775fa71 .ut-gallery-slider-caption { font-weight: bold; }#ut_am_wrap_69f1f2775fa71 { text-align: center; }@media (min-width: 768px) and (max-width: 1024px) { #ut_am_wrap_69f1f2775fa71 { text-align: center !important; } }@media (max-width: 767px) { #ut_am_wrap_69f1f2775fa71 { text-align: center !important; } }<\/style><div id=\"ut_am_wrap_69f1f2775fa71\" class=\"ut-image-gallery-image \"><div id=\"ut_reveal_69f1f2775fa72\"  data-appear-top-offset=\"auto\" class=\"ut-animated-image-item ut-image-gallery-item ut-animation-done \"><a target=\"_self\" href=\"http:\/\/grand-luxe.org\/index.php\/plateformes-internationales\/\" ><div class=\"ut-animated-image-zoom\"><img loading=\"lazy\" decoding=\"async\" class=\"ut-lazy skip-lazy ut-animated-image \"  id=\"ut_am_69f1f2775fa70\" src=\"data:image\/svg+xml;charset=utf-8,%3Csvg xmlns%3D'http%3A%2F%2Fwww.w3.org%2F2000%2Fsvg' viewBox%3D'0 0 945 945'%2F%3E\" data-src=\"https:\/\/grand-luxe.org\/wp-content\/uploads\/2023\/12\/ka-carre.png\" width=\"945\" height=\"945\" alt=\"\"\/><\/div><\/a><\/div><\/div><\/div>[\/vc_column_inner][\/vc_row_inner][vc_empty_space height=\u00a0\u00bb80px\u00a0\u00bb]<div  class=\"wpb_content_element   clearfix\"><style type=\"text\/css\">#ut_am_69f1f2775fdcc { opacity: 1; }#ut_am_wrap_69f1f2775fdcd .ut-image-gallery-item-caption-title h3 { letter-spacing: 0em; }#ut_am_wrap_69f1f2775fdcd .ut-gallery-slider-caption { font-weight: bold; }#ut_am_wrap_69f1f2775fdcd { text-align: left; }@media (min-width: 768px) and (max-width: 1024px) { #ut_am_wrap_69f1f2775fdcd { text-align: left !important; } }@media (max-width: 767px) { #ut_am_wrap_69f1f2775fdcd { text-align: center !important; } }<\/style><div id=\"ut_am_wrap_69f1f2775fdcd\" class=\"ut-image-gallery-image \"><div id=\"ut_reveal_69f1f2775fdce\"  data-appear-top-offset=\"auto\" class=\"ut-animated-image-item ut-image-gallery-item ut-animation-done \"><a class=\"ut-deactivated-link\" href=\"#\"><div class=\"ut-animated-image-zoom\"><img loading=\"lazy\" decoding=\"async\" class=\"ut-lazy skip-lazy ut-animated-image \"  id=\"ut_am_69f1f2775fdcc\" src=\"data:image\/svg+xml;charset=utf-8,%3Csvg xmlns%3D'http%3A%2F%2Fwww.w3.org%2F2000%2Fsvg' viewBox%3D'0 0 2400 752'%2F%3E\" data-src=\"https:\/\/grand-luxe.org\/wp-content\/uploads\/2026\/02\/LOGOS_GL.png\" width=\"2400\" height=\"752\" alt=\"\"\/><\/div><\/a><\/div><\/div><\/div>[\/vc_column][vc_column][\/vc_column][vc_column][\/vc_column][\/vc_row]<\/p>\n","protected":false},"excerpt":{"rendered":"<p>[vc_row][vc_column][vc_empty_space height=\u00a0\u00bb60px\u00a0\u00bb][vc_column_text]Initi\u00e9 en 2015 et prenant appui sur\u00a0neuf structures partenaires\u00a0le r\u00e9seau Grand Luxe poursuit des missions de d\u00e9veloppement de la danse en proposant de mettre en place un\u00a0circuit d\u2019accompagnement \u00e0 la carte\u00a0destin\u00e9 aux nouveaux cr\u00e9ateur.ice.s chor\u00e9graphiques et \u00e0 leurs projets.\u00a0Ce r\u00e9seau se d\u00e9finit comme un comptoir d\u2019\u00e9changes artistiques au service de chor\u00e9graphes \u00e9mergent.e.s d\u00e9sirant d\u00e9velopper [&hellip;]<\/p>\n","protected":false},"author":1,"featured_media":0,"parent":0,"menu_order":0,"comment_status":"closed","ping_status":"closed","template":"","meta":{"footnotes":""},"class_list":["post-17","page","type-page","status-publish","hentry"],"_links":{"self":[{"href":"https:\/\/grand-luxe.org\/index.php\/wp-json\/wp\/v2\/pages\/17","targetHints":{"allow":["GET"]}}],"collection":[{"href":"https:\/\/grand-luxe.org\/index.php\/wp-json\/wp\/v2\/pages"}],"about":[{"href":"https:\/\/grand-luxe.org\/index.php\/wp-json\/wp\/v2\/types\/page"}],"author":[{"embeddable":true,"href":"https:\/\/grand-luxe.org\/index.php\/wp-json\/wp\/v2\/users\/1"}],"replies":[{"embeddable":true,"href":"https:\/\/grand-luxe.org\/index.php\/wp-json\/wp\/v2\/comments?post=17"}],"version-history":[{"count":19,"href":"https:\/\/grand-luxe.org\/index.php\/wp-json\/wp\/v2\/pages\/17\/revisions"}],"predecessor-version":[{"id":684,"href":"https:\/\/grand-luxe.org\/index.php\/wp-json\/wp\/v2\/pages\/17\/revisions\/684"}],"wp:attachment":[{"href":"https:\/\/grand-luxe.org\/index.php\/wp-json\/wp\/v2\/media?parent=17"}],"curies":[{"name":"wp","href":"https:\/\/api.w.org\/{rel}","templated":true}]}}