{"id":136,"date":"2023-12-10T11:29:20","date_gmt":"2023-12-10T10:29:20","guid":{"rendered":"http:\/\/grand-luxe.org\/?page_id=136"},"modified":"2026-01-21T12:51:59","modified_gmt":"2026-01-21T11:51:59","slug":"suivi-et-residences","status":"publish","type":"page","link":"https:\/\/grand-luxe.org\/index.php\/suivi-et-residences\/","title":{"rendered":"Suivi et r\u00e9sidences"},"content":{"rendered":"<p>[vc_section][vc_row][vc_column][vc_column_text]<\/p>\n<h1 style=\"text-align: center;\">Suivi et r\u00e9sidences<\/h1>\n<p>[\/vc_column_text][vc_column_text]<strong>Les KICK-OFF Meetings<\/strong><\/p>\n<p>Chaque ann\u00e9e, le parcours des artistes au sein du r\u00e9seau Grand Luxe d\u00e9bute avec un Kick-Off Meeting rassemblant tous.tes les artistes suivi\u00b7e\u00b7x\u00b7s au cours de l\u2019ann\u00e9e ainsi que toutes les structures partenaires. L\u2019enjeu des Kick-Off Meetings est de cr\u00e9er des espaces de rencontre, mais surtout de conna\u00eetre les besoins de chacun\u00b7x\u00b7e afin d\u2019assurer un accompagnement ad\u00e9quat.<\/p>\n<p>Le dernier Kick-off a lieu du 19 au 21 novembre 2025 \u00e0 Freiburg ![\/vc_column_text]<div  class=\"wpb_content_element   clearfix\"><style type=\"text\/css\">#ut_am_6a0854555dfa2 { opacity: 1; }#ut_am_wrap_6a0854555dfa3 .ut-image-gallery-item-caption-title h3 { letter-spacing: 0em; }#ut_am_wrap_6a0854555dfa3 .ut-gallery-slider-caption { font-weight: bold; }#ut_am_wrap_6a0854555dfa3 { text-align: center; }@media (min-width: 768px) and (max-width: 1024px) { #ut_am_wrap_6a0854555dfa3 { text-align: center !important; } }@media (max-width: 767px) { #ut_am_wrap_6a0854555dfa3 { text-align: center !important; } }<\/style><div id=\"ut_am_wrap_6a0854555dfa3\" class=\"ut-image-gallery-image \"><div id=\"ut_reveal_6a0854555dfa4\"  data-appear-top-offset=\"auto\" class=\"ut-animated-image-item ut-image-gallery-item ut-animation-done \"><a class=\"ut-deactivated-link\" href=\"#\"><div class=\"ut-animated-image-zoom\"><img loading=\"lazy\" decoding=\"async\" class=\"ut-lazy skip-lazy ut-animated-image \"  id=\"ut_am_6a0854555dfa2\" src=\"data:image\/svg+xml;charset=utf-8,%3Csvg xmlns%3D'http%3A%2F%2Fwww.w3.org%2F2000%2Fsvg' viewBox%3D'0 0 945 731'%2F%3E\" data-src=\"https:\/\/grand-luxe.org\/wp-content\/uploads\/2023\/12\/kickoff.png\" width=\"945\" height=\"731\" alt=\"\"\/><\/div><\/a><\/div><\/div><\/div>[\/vc_column][\/vc_row][vc_row][vc_column width=\u00a0\u00bb1\/2&Prime;][vc_column_text]<strong>Les r\u00e9sidences<\/strong><\/p>\n<p>Les \u00e9changes de r\u00e9sidences font partie du coeur du r\u00e9seau. Au cours de l\u2019ann\u00e9e, les artistes en effectuent ponctuellement dans les structures partenaires qui leurs semblent les plus ad\u00e9quates.[\/vc_column_text][\/vc_column][vc_column width=\u00a0\u00bb1\/2&Prime;][vc_column_text]<strong>Les studios ouverts et les repr\u00e9sentations publiques<\/strong><\/p>\n<p>Lors des r\u00e9sidences, les artistes ont souvent l\u2019opportunit\u00e9 de pr\u00e9senter leurs recherches sous la forme de studios ouverts, afin d\u2019avoir des retours artistiques sur leurs travaux ou sous la forme de repr\u00e9sentations publiques.[\/vc_column_text][\/vc_column][\/vc_row][vc_row][vc_column][vc_column_text]<\/p>\n<p style=\"text-align: center;\"><strong>Retrouvez l\u2019actualit\u00e9 des r\u00e9sidences et des artistes associ\u00e9s au R\u00e9seau<\/strong><\/p>\n<p>[\/vc_column_text]<div class=\"ut-btn-group  ut-btn-group-center ut-btn-group-tablet-center ut-btn-group-mobile-center clearfix\"><style type=\"text\/css\">#bklyn_btn_6a0854555e0b3 .bklyn-btn { background-color:#3d489a !important; }<\/style><div id=\"bklyn_btn_6a0854555e0b3\" class=\"bklyn-btn-holder  bklyn-btn-first bklyn-btn-center bklyn-btn-tablet-center bklyn-btn-mobile-center\"><a title=\"INSTAGRAM\"   href=\"https:\/\/www.instagram.com\/reseaugrandluxe\/\" target=\" _blank\" class=\"bklyn-btn  bklyn-btn-normal\" ><span class=\"ut-btn-text\">Instagram<\/span><\/a><\/div><style type=\"text\/css\">#bklyn_btn_6a0854555e0f1 .bklyn-btn { background-color:#3d489a !important; }<\/style><div id=\"bklyn_btn_6a0854555e0f1\" class=\"bklyn-btn-holder  bklyn-btn-last bklyn-btn-center bklyn-btn-tablet-center bklyn-btn-mobile-center\"><a title=\"\"   href=\"https:\/\/www.facebook.com\/lereseaugrandluxe\" target=\" _blank\" class=\"bklyn-btn  bklyn-btn-normal\" ><span class=\"ut-btn-text\">Facebook<\/span><\/a><\/div><\/div>[\/vc_column][\/vc_row][\/vc_section]<\/p>\n","protected":false},"excerpt":{"rendered":"<p>[vc_section][vc_row][vc_column][vc_column_text] Suivi et r\u00e9sidences [\/vc_column_text][vc_column_text]Les KICK-OFF Meetings Chaque ann\u00e9e, le parcours des artistes au sein du r\u00e9seau Grand Luxe d\u00e9bute avec un Kick-Off Meeting rassemblant tous.tes les artistes suivi\u00b7e\u00b7x\u00b7s au cours de l\u2019ann\u00e9e ainsi que toutes les structures partenaires. L\u2019enjeu des Kick-Off Meetings est de cr\u00e9er des espaces de rencontre, mais surtout de conna\u00eetre les [&hellip;]<\/p>\n","protected":false},"author":1,"featured_media":0,"parent":0,"menu_order":0,"comment_status":"closed","ping_status":"closed","template":"","meta":{"footnotes":""},"class_list":["post-136","page","type-page","status-publish","hentry"],"_links":{"self":[{"href":"https:\/\/grand-luxe.org\/index.php\/wp-json\/wp\/v2\/pages\/136","targetHints":{"allow":["GET"]}}],"collection":[{"href":"https:\/\/grand-luxe.org\/index.php\/wp-json\/wp\/v2\/pages"}],"about":[{"href":"https:\/\/grand-luxe.org\/index.php\/wp-json\/wp\/v2\/types\/page"}],"author":[{"embeddable":true,"href":"https:\/\/grand-luxe.org\/index.php\/wp-json\/wp\/v2\/users\/1"}],"replies":[{"embeddable":true,"href":"https:\/\/grand-luxe.org\/index.php\/wp-json\/wp\/v2\/comments?post=136"}],"version-history":[{"count":9,"href":"https:\/\/grand-luxe.org\/index.php\/wp-json\/wp\/v2\/pages\/136\/revisions"}],"predecessor-version":[{"id":671,"href":"https:\/\/grand-luxe.org\/index.php\/wp-json\/wp\/v2\/pages\/136\/revisions\/671"}],"wp:attachment":[{"href":"https:\/\/grand-luxe.org\/index.php\/wp-json\/wp\/v2\/media?parent=136"}],"curies":[{"name":"wp","href":"https:\/\/api.w.org\/{rel}","templated":true}]}}