{"id":110,"date":"2023-12-09T13:49:59","date_gmt":"2023-12-09T12:49:59","guid":{"rendered":"http:\/\/grand-luxe.org\/?page_id=110"},"modified":"2026-01-21T12:46:25","modified_gmt":"2026-01-21T11:46:25","slug":"choregraphes-2021","status":"publish","type":"page","link":"https:\/\/grand-luxe.org\/index.php\/choregraphes-2021\/","title":{"rendered":"Chor\u00e9graphes 2022-2023"},"content":{"rendered":"<p>[vc_section][vc_row][vc_column][vc_column_text]<\/p>\n<h1 style=\"text-align: center;\"><strong>Chor\u00e9graphes 2022-2023<\/strong><\/h1>\n<p>[\/vc_column_text][\/vc_column][\/vc_row][vc_row][vc_column width=\u00a0\u00bb1\/3&Prime;]<div  class=\"wpb_content_element   clearfix\"><style type=\"text\/css\">#ut_am_6a03164c3dc5d { opacity: 1; }#ut_am_wrap_6a03164c3dc5e .ut-image-gallery-item-caption-title h3 { letter-spacing: 0em; }#ut_am_wrap_6a03164c3dc5e .ut-gallery-slider-caption { font-weight: bold; }#ut_am_wrap_6a03164c3dc5e { text-align: left; }@media (min-width: 768px) and (max-width: 1024px) { #ut_am_wrap_6a03164c3dc5e { text-align: left !important; } }@media (max-width: 767px) { #ut_am_wrap_6a03164c3dc5e { text-align: center !important; } }<\/style><div id=\"ut_am_wrap_6a03164c3dc5e\" class=\"ut-image-gallery-image \"><div id=\"ut_reveal_6a03164c3dc5f\"  data-appear-top-offset=\"auto\" class=\"ut-animated-image-item ut-image-gallery-item ut-animation-done \"><a class=\"ut-deactivated-link\" href=\"#\"><div class=\"ut-animated-image-zoom\"><img loading=\"lazy\" decoding=\"async\" class=\"ut-lazy skip-lazy ut-animated-image \"  id=\"ut_am_6a03164c3dc5d\" src=\"data:image\/svg+xml;charset=utf-8,%3Csvg xmlns%3D'http%3A%2F%2Fwww.w3.org%2F2000%2Fsvg' viewBox%3D'0 0 945 1322'%2F%3E\" data-src=\"https:\/\/grand-luxe.org\/wp-content\/uploads\/2023\/12\/baptiste-cazaux-945x1322.png\" width=\"945\" height=\"1322\" alt=\"\"\/><\/div><\/a><\/div><\/div><\/div>[vc_column_text]Baptiste Cazaux<\/p>\n<p><em>Soutenu par L\u2019Abri<\/em><\/p>\n<p>Baptiste Cazaux s\u2019est form\u00e9 en danse classique \u00e0 Biarritz, avant d\u2019entrer en 2015 au Ballet Junior de Gen\u00e8ve sous la direction de Sean Wood et Patrice Delay. Il y danse notamment des pi\u00e8ces d\u2019Olivier Dubois, Barak Marshall, Roy Assaf, Sharon Eyal et Thomas Hauert. Il pr\u00e9sente aujourd\u2019hui ses cr\u00e9ations dans des festivals tels que Les Printemps de Sevelin (Lausanne), le far\u00b0 (Nyon), le Pavillon ADC dans le cadre d\u2019Emergentia, plateforme d\u00e9di\u00e9e \u00e0 la cr\u00e9ation chor\u00e9graphique emergente ainsi qu&rsquo;\u00e0 La B\u00e2tie. Durant la saison 2020-2021, il est artiste associ\u00e9 \u00e0 L\u2019Abri\u2013Gen\u00e8ve. En 2021, il danse notamment dans any attempt will end in crushed bodies and shattered bones la derni\u00e8re cr\u00e9ation de Jan Martens (Festival d\u2019Avignon, Festival de la B\u00e2tie) et Weg d\u2019Ayelen Parolin (Charleroi Danses, Printemps de Sevelin).<br \/>\nIl cr\u00e9\u00e9e GIMME A BREAK!!! en septembre 2023 \u00e0 La B\u00e2tie \u2013 Festival de Gen\u00e8ve, pour laquelle il a profit\u00e9 des r\u00e9sidences du R\u00e9seau Grand Luxe.<\/p>\n<p><a href=\"https:\/\/labrigeneve.ch\/artistes\/baptiste-cazaux?season=20-21\">En savoir plus<\/a>[\/vc_column_text][\/vc_column][vc_column width=\u00a0\u00bb1\/3&Prime;]<div  class=\"wpb_content_element   clearfix\"><style type=\"text\/css\">#ut_am_6a03164c3e407 { opacity: 1; }#ut_am_wrap_6a03164c3e408 .ut-image-gallery-item-caption-title h3 { letter-spacing: 0em; }#ut_am_wrap_6a03164c3e408 .ut-gallery-slider-caption { font-weight: bold; }#ut_am_wrap_6a03164c3e408 { text-align: left; }@media (min-width: 768px) and (max-width: 1024px) { #ut_am_wrap_6a03164c3e408 { text-align: left !important; } }@media (max-width: 767px) { #ut_am_wrap_6a03164c3e408 { text-align: center !important; } }<\/style><div id=\"ut_am_wrap_6a03164c3e408\" class=\"ut-image-gallery-image \"><div id=\"ut_reveal_6a03164c3e409\"  data-appear-top-offset=\"auto\" class=\"ut-animated-image-item ut-image-gallery-item ut-animation-done \"><a class=\"ut-deactivated-link\" href=\"#\"><div class=\"ut-animated-image-zoom\"><img loading=\"lazy\" decoding=\"async\" class=\"ut-lazy skip-lazy ut-animated-image \"  id=\"ut_am_6a03164c3e407\" src=\"data:image\/svg+xml;charset=utf-8,%3Csvg xmlns%3D'http%3A%2F%2Fwww.w3.org%2F2000%2Fsvg' viewBox%3D'0 0 945 1322'%2F%3E\" data-src=\"https:\/\/grand-luxe.org\/wp-content\/uploads\/2023\/12\/Georges-Maikel-945x1322.png\" width=\"945\" height=\"1322\" alt=\"\"\/><\/div><\/a><\/div><\/div><\/div>[vc_column_text]Georges Maikel<\/p>\n<p><em>Soutenu par le TROIS C-L<\/em><\/p>\n<p>Georges Maikel Pires Monteiro a compl\u00e9t\u00e9 sa formation au Conservatoire de la Ville de Luxembourg avant de rejoindre la cellule d\u2019insertion professionnelle SEEDs, encadr\u00e9e par la compagnie CobosMika. En Espagne, il travaille avec Roberto Olivan, Jorge J\u00e1uregui, Thomas Noone, la compagnie CobosMika et Cie Pr\u00c4k. En Grande R\u00e9gion, il travaille avec divers chor\u00e9graphes et metteur\u00b7e\u00b7s en sc\u00e8ne tels que Bernard Baumgarten, la compagnie Corps In Situ, L\u00e9a Tirabasso, la compagnie Filament, AWA \u2013 As We Are, Hannah Ma, Larisa Faber, Catherine Elsen, Fr\u00e9d\u00e9rique Colling, Sally Meres, Anne Simon et Elisabeth Schilling. Il a \u00e9galement collabor\u00e9 avec des chanteurs et musiciens tels que EDSUN, CHAiLD, Michel Meis, Bartleby Delicate, Magnus &amp; John, Josh Island et Kitshickers, ainsi qu\u2019avec les artistes plasticiennes Cecillia Tripp, Olivia Bourdeau et Nora Wagner. Au cours de sa carri\u00e8re, Georges Maikel a cr\u00e9\u00e9 <em>fest<\/em> aux c\u00f4t\u00e9s de la danseuse et chor\u00e9graphe Piera Jovic, le solo <em>!MAKi!?<\/em> et, en 2020, <em>It Gets Better<\/em>, une vid\u00e9o danse gr\u00e2ce \u00e0 laquelle il remporte le concours \u00ab Dance from Home \u00bb. Aujourd\u2019hui, Georges Maikel travaille sur sa nouvelle cr\u00e9ation intitul\u00e9e <em>My Cat Is A Unicorn<\/em>.<\/p>\n<p><a href=\"https:\/\/www.danse.lu\/artistes\/georges-maikel-pires-monteiro\">danse.lu\/artistes\/georges-maikel-pires-monteiro\/<\/a>[\/vc_column_text][\/vc_column][vc_column width=\u00a0\u00bb1\/3&Prime;]<div  class=\"wpb_content_element   clearfix\"><style type=\"text\/css\">#ut_am_6a03164c3ec10 { opacity: 1; }#ut_am_wrap_6a03164c3ec11 .ut-image-gallery-item-caption-title h3 { letter-spacing: 0em; }#ut_am_wrap_6a03164c3ec11 .ut-gallery-slider-caption { font-weight: bold; }#ut_am_wrap_6a03164c3ec11 { text-align: left; }@media (min-width: 768px) and (max-width: 1024px) { #ut_am_wrap_6a03164c3ec11 { text-align: left !important; } }@media (max-width: 767px) { #ut_am_wrap_6a03164c3ec11 { text-align: center !important; } }<\/style><div id=\"ut_am_wrap_6a03164c3ec11\" class=\"ut-image-gallery-image \"><div id=\"ut_reveal_6a03164c3ec12\"  data-appear-top-offset=\"auto\" class=\"ut-animated-image-item ut-image-gallery-item ut-animation-done \"><a class=\"ut-deactivated-link\" href=\"#\"><div class=\"ut-animated-image-zoom\"><img loading=\"lazy\" decoding=\"async\" class=\"ut-lazy skip-lazy ut-animated-image \"  id=\"ut_am_6a03164c3ec10\" src=\"data:image\/svg+xml;charset=utf-8,%3Csvg xmlns%3D'http%3A%2F%2Fwww.w3.org%2F2000%2Fsvg' viewBox%3D'0 0 945 1322'%2F%3E\" data-src=\"https:\/\/grand-luxe.org\/wp-content\/uploads\/2023\/12\/Akiko-Hasegawa-945x1322.png\" width=\"945\" height=\"1322\" alt=\"\"\/><\/div><\/a><\/div><\/div><\/div>[vc_column_text]Akiko Hasegawa<\/p>\n<p><em>Soutenue par POLE SUD \u2013 CDCN de Strasbourg<\/em><\/p>\n<p>Originaire du Japon, Akiko Hasegawa fait ses \u00e9tudes au College of Art Nihon University \u00e0 Tokyo avant de rejoindre la France en 1994 et de poursuivre sa formation en danse au CNDC d\u2019Angers. Elle d\u00e9veloppe ensuite son parcours d\u2019interpr\u00e8te aupr\u00e8s de nombreux chor\u00e9graphes (Bernardo Montet, Carlotta Ikeda, Christian Bourigault, Suzanne Buirge, Catherine Diverr\u00e8s..) et collabore \u00e9galement avec diff\u00e9rents metteurs en sc\u00e8ne (Anne Th\u00e9ron, Beno\u00eet Bradel, Pauline Ringeade\u2026). En parall\u00e8le \u00e0 ses activit\u00e9s artistiques, elle propose aussi des ateliers de danse dans les secteurs scolaires et hospitaliers. P\u00e9dagogue, elle enseigne au Conservatoire de Strasbourg et dans la Classe pr\u00e9paratoire aux concours des \u00e9coles sup\u00e9rieures d\u2019art dramatique de la Filature de Mulhouse et du TNS. C\u2019est en 2019, qu\u2019elle d\u00e9cide de se lancer dans la cr\u00e9ation et pr\u00e9sente \u00e0 Strasbourg \u00ab Les va-et-vient des Mus\u00e9es \u00bb, une performance en duo avec la violoniste Aline Zeller sur des musiques d\u2019Annette Schl\u00fcntz. Puis elle fonde sa compagnie Koko et d\u00e9bute ses recherches sur les \u00e9tats de corps autour du solo <em>Har\u00e9 Dance<\/em>. Travail qu\u2019elle poursuit dans son prochain projet au titre encore \u00e0 venir.[\/vc_column_text][\/vc_column][\/vc_row][vc_row][vc_column width=\u00a0\u00bb1\/3&Prime;]<div  class=\"wpb_content_element   clearfix\"><style type=\"text\/css\">#ut_am_6a03164c3f292 { opacity: 1; }#ut_am_wrap_6a03164c3f293 .ut-image-gallery-item-caption-title h3 { letter-spacing: 0em; }#ut_am_wrap_6a03164c3f293 .ut-gallery-slider-caption { font-weight: bold; }#ut_am_wrap_6a03164c3f293 { text-align: left; }@media (min-width: 768px) and (max-width: 1024px) { #ut_am_wrap_6a03164c3f293 { text-align: left !important; } }@media (max-width: 767px) { #ut_am_wrap_6a03164c3f293 { text-align: center !important; } }<\/style><div id=\"ut_am_wrap_6a03164c3f293\" class=\"ut-image-gallery-image \"><div id=\"ut_reveal_6a03164c3f294\"  data-appear-top-offset=\"auto\" class=\"ut-animated-image-item ut-image-gallery-item ut-animation-done \"><a class=\"ut-deactivated-link\" href=\"#\"><div class=\"ut-animated-image-zoom\"><img loading=\"lazy\" decoding=\"async\" class=\"ut-lazy skip-lazy ut-animated-image \"  id=\"ut_am_6a03164c3f292\" src=\"data:image\/svg+xml;charset=utf-8,%3Csvg xmlns%3D'http%3A%2F%2Fwww.w3.org%2F2000%2Fsvg' viewBox%3D'0 0 945 1322'%2F%3E\" data-src=\"https:\/\/grand-luxe.org\/wp-content\/uploads\/2023\/12\/Claire-Hurpeaux-945x1322.png\" width=\"945\" height=\"1322\" alt=\"\"\/><\/div><\/a><\/div><\/div><\/div>[vc_column_text]Claire Hurpeau<\/p>\n<p><em>Soutenue par le Ballet de l\u2019Op\u00e9ra national du Rhin \u2013 CNN de Mulhouse<\/em><\/p>\n<p>Danseuse, chor\u00e9graphe et p\u00e9dagogue du mouvement d\u2019origine strasbourgeoise, elle s\u2019initie \u00e0 la danse contemporaine \u00e0 partir de 2005. Depuis, elle nourrit sa pratique en danse contemporaine via le contact-improvisation, le but\u00f4, le clown de th\u00e9\u00e2tre et les techniques somatiques. D\u00e8s ses d\u00e9buts, elle d\u00e9veloppe une relation exploratoire au mouvement, en qu\u00eate de ses nombreux possibles et d\u2019un langage corporel qui lui est propre. Apr\u00e8s sa formation de danse dans l\u2019\u00e9cole Bewegungs-art de Freiburg (Allemagne), c\u2019est en Alsace qu\u2019elle d\u00e9veloppe les activit\u00e9s de la compagnie Muutos depuis 2015. En tant qu\u2019interpr\u00e8te, elle performe et collabore depuis 2013 avec plusieurs artistes telle que Sasha Waltz, ou le chor\u00e9graphe But\u00f4 Gyohei Za\u00eftsu, mais aussi Mark Tompkins, Alice Laloy, et les compagnies Hors Champ \/\/ Fuera de Campo et D\u00e9gad\u00e9zo. En 2020 elle d\u00e9marre la Formation au d\u00e9veloppement moteur du nourrisson, dans le cadre de l\u2019approche somatique Body Mind Centering\u00ae de Bonnie Bainbridge Cohen.<\/p>\n<p><a href=\"https:\/\/www.clairehurpeau.com\/\">clairehurpeau.com\/<\/a>[\/vc_column_text][\/vc_column][vc_column width=\u00a0\u00bb1\/3&Prime;]<div  class=\"wpb_content_element   clearfix\"><style type=\"text\/css\">#ut_am_6a03164c3f6e7 { opacity: 1; }#ut_am_wrap_6a03164c3f6e8 .ut-image-gallery-item-caption-title h3 { letter-spacing: 0em; }#ut_am_wrap_6a03164c3f6e8 .ut-gallery-slider-caption { font-weight: bold; }#ut_am_wrap_6a03164c3f6e8 { text-align: left; }@media (min-width: 768px) and (max-width: 1024px) { #ut_am_wrap_6a03164c3f6e8 { text-align: left !important; } }@media (max-width: 767px) { #ut_am_wrap_6a03164c3f6e8 { text-align: center !important; } }<\/style><div id=\"ut_am_wrap_6a03164c3f6e8\" class=\"ut-image-gallery-image \"><div id=\"ut_reveal_6a03164c3f6e9\"  data-appear-top-offset=\"auto\" class=\"ut-animated-image-item ut-image-gallery-item ut-animation-done \"><a class=\"ut-deactivated-link\" href=\"#\"><div class=\"ut-animated-image-zoom\"><img loading=\"lazy\" decoding=\"async\" class=\"ut-lazy skip-lazy ut-animated-image \"  id=\"ut_am_6a03164c3f6e7\" src=\"data:image\/svg+xml;charset=utf-8,%3Csvg xmlns%3D'http%3A%2F%2Fwww.w3.org%2F2000%2Fsvg' viewBox%3D'0 0 945 1416'%2F%3E\" data-src=\"https:\/\/grand-luxe.org\/wp-content\/uploads\/2023\/12\/Anna-Nowicka.png\" width=\"945\" height=\"1416\" alt=\"\"\/><\/div><\/a><\/div><\/div><\/div>[vc_column_text]Anna Nowicka<\/p>\n<p><em>Soutenue par le Theater\u00a0Freiburg<\/em><\/p>\n<p>Anna Nowicka est une chor\u00e9graphe bas\u00e9e \u00e0 Berlin qui travaille avec les r\u00eaves et l\u2019imagination incarn\u00e9e. Elle cherche \u00e0 d\u00e9ployer le corps en une entit\u00e9 pleine de ressources, vivante, toujours en mouvement, capable d\u2019\u00eatre r\u00e9active et pr\u00e9sente. Dipl\u00f4m\u00e9e de l\u2019Acad\u00e9mie exp\u00e9rimentale de danse de Salzbourg (SEAD), d\u2019une ma\u00eetrise de chor\u00e9graphie \u00e0 la HfS Ernst-Busch \/ HZT de Berlin et d\u2019une ma\u00eetrise de psychologie \u00e0 l\u2019Universit\u00e9 de Varsovie, elle a \u00e9crit son doctorat bas\u00e9 sur la pratique sur la conscience incarn\u00e9e comme fondement de la pr\u00e9sence \u00e0 l\u2019\u00c9cole polonaise de cin\u00e9ma \u00e0 \u0141\u00f3d\u017a. Elle est une enseignante certifi\u00e9e Saphire\u00ae de l\u2019\u00e9cole d\u2019images de Catherine Shainberg. Actuellement, la pratique physique d\u2019Anna est soutenue par la bourse Tanzpraxis de la ville de Berlin.<\/p>\n<p><a href=\"https:\/\/annanowicka.com\/\">annanowicka.com\/<\/a>[\/vc_column_text][\/vc_column][vc_column width=\u00a0\u00bb1\/3&Prime;]<div  class=\"wpb_content_element   clearfix\"><style type=\"text\/css\">#ut_am_6a03164c3fe33 { opacity: 1; }#ut_am_wrap_6a03164c3fe34 .ut-image-gallery-item-caption-title h3 { letter-spacing: 0em; }#ut_am_wrap_6a03164c3fe34 .ut-gallery-slider-caption { font-weight: bold; }#ut_am_wrap_6a03164c3fe34 { text-align: left; }@media (min-width: 768px) and (max-width: 1024px) { #ut_am_wrap_6a03164c3fe34 { text-align: left !important; } }@media (max-width: 767px) { #ut_am_wrap_6a03164c3fe34 { text-align: center !important; } }<\/style><div id=\"ut_am_wrap_6a03164c3fe34\" class=\"ut-image-gallery-image \"><div id=\"ut_reveal_6a03164c3fe35\"  data-appear-top-offset=\"auto\" class=\"ut-animated-image-item ut-image-gallery-item ut-animation-done \"><a class=\"ut-deactivated-link\" href=\"#\"><div class=\"ut-animated-image-zoom\"><img loading=\"lazy\" decoding=\"async\" class=\"ut-lazy skip-lazy ut-animated-image \"  id=\"ut_am_6a03164c3fe33\" src=\"data:image\/svg+xml;charset=utf-8,%3Csvg xmlns%3D'http%3A%2F%2Fwww.w3.org%2F2000%2Fsvg' viewBox%3D'0 0 945 1322'%2F%3E\" data-src=\"https:\/\/grand-luxe.org\/wp-content\/uploads\/2023\/12\/Konstantinos-Papanikolaou-945x1322.png\" width=\"945\" height=\"1322\" alt=\"\"\/><\/div><\/a><\/div><\/div><\/div>[vc_column_text]Konstantinos Papanikolaou<\/p>\n<p><em>Soutenu par\u00a0Onassis\u00a0\u2013\u00a0Stegis<\/em><\/p>\n<p>Konstantinos Papanikolaou est dipl\u00f4m\u00e9 du Master en Danse de l\u2019universit\u00e9 Paris XVIII. Il a eu l\u2019occasion de collaborer avec des artistes internationaux tels que Gerard &amp; Kelly, Olivier Marguerit, de participer aux biennales de Munich, de Birmingham et de performer au Centre Pompidou \u00e0 Paris, \u00e0 The Place \u00e0 Londres ou au Mercat de les Flors \u00e0 Barcelone.<br \/>\nEn Gr\u00e8ce, il a travaill\u00e9, entre autres, avec les chor\u00e9graphes Patricia Apergi, Mariela Nestora, Tzeni Argyriou, Aria Boubaki, \u2018Prolet OCD,\u2019 et \u2018Stereo Nero.\u2019<\/p>\n<p>En tant que chor\u00e9graphe, il participe \u00e0 des pi\u00e8ces de th\u00e9\u00e2tre, collaborant avec Argiris Pandazaras, Circe Karali, Eleni Efthimiou, Lilly Meleme, Eleftherios Veniadis, etc.<br \/>\nEn 2020, il chor\u00e9graphie et interpr\u00e8te un solo <span style=\"text-decoration: underline;\">Tonight and Every Night<\/span> au festival Arc for Dance. Un an plus tard, il cr\u00e9\u00e9 et filme une lecture-performance <span style=\"text-decoration: underline;\">The Diving Horse and Other Mythologies<\/span>, \u00e0 la demande de Onassis Stegi pour le Festival Nouveaux chor\u00e9graphes, dont la Premi\u00e8re a \u00e9t\u00e9 diffus\u00e9e en ligne. En 2022, \u00e0 l\u2019occasion de la neuvi\u00e8me \u00e9dition de ce m\u00eame festival, il pr\u00e9sente sa derni\u00e8re pi\u00e8ce chor\u00e9graphique.<span class=\"Apple-converted-space\">\u00a0<\/span><\/p>\n<p><a href=\"https:\/\/www.onassis.org\/people\/konstantinos-papanikolaou\" target=\"_blank\" rel=\"noopener\">En savoir plus<\/a>[\/vc_column_text][\/vc_column][\/vc_row][vc_row][vc_column width=\u00a0\u00bb1\/3&Prime;]<div  class=\"wpb_content_element   clearfix\"><style type=\"text\/css\">#ut_am_6a03164c4058d { opacity: 1; }#ut_am_wrap_6a03164c4058e .ut-image-gallery-item-caption-title h3 { letter-spacing: 0em; }#ut_am_wrap_6a03164c4058e .ut-gallery-slider-caption { font-weight: bold; }#ut_am_wrap_6a03164c4058e { text-align: left; }@media (min-width: 768px) and (max-width: 1024px) { #ut_am_wrap_6a03164c4058e { text-align: left !important; } }@media (max-width: 767px) { #ut_am_wrap_6a03164c4058e { text-align: center !important; } }<\/style><div id=\"ut_am_wrap_6a03164c4058e\" class=\"ut-image-gallery-image \"><div id=\"ut_reveal_6a03164c4058f\"  data-appear-top-offset=\"auto\" class=\"ut-animated-image-item ut-image-gallery-item ut-animation-done \"><a class=\"ut-deactivated-link\" href=\"#\"><div class=\"ut-animated-image-zoom\"><img loading=\"lazy\" decoding=\"async\" class=\"ut-lazy skip-lazy ut-animated-image \"  id=\"ut_am_6a03164c4058d\" src=\"data:image\/svg+xml;charset=utf-8,%3Csvg xmlns%3D'http%3A%2F%2Fwww.w3.org%2F2000%2Fsvg' viewBox%3D'0 0 945 1322'%2F%3E\" data-src=\"https:\/\/grand-luxe.org\/wp-content\/uploads\/2023\/12\/Angela-Rabaglio-et-Micael-Florentz-945x1322.png\" width=\"945\" height=\"1322\" alt=\"\"\/><\/div><\/a><\/div><\/div><\/div>[\/vc_column][vc_column width=\u00a0\u00bb1\/3&Prime;]<div  class=\"wpb_content_element   clearfix\"><style type=\"text\/css\">#ut_am_6a03164c40bf4 { opacity: 1; }#ut_am_wrap_6a03164c40bf5 .ut-image-gallery-item-caption-title h3 { letter-spacing: 0em; }#ut_am_wrap_6a03164c40bf5 .ut-gallery-slider-caption { font-weight: bold; }#ut_am_wrap_6a03164c40bf5 { text-align: left; }@media (min-width: 768px) and (max-width: 1024px) { #ut_am_wrap_6a03164c40bf5 { text-align: left !important; } }@media (max-width: 767px) { #ut_am_wrap_6a03164c40bf5 { text-align: center !important; } }<\/style><div id=\"ut_am_wrap_6a03164c40bf5\" class=\"ut-image-gallery-image \"><div id=\"ut_reveal_6a03164c40bf6\"  data-appear-top-offset=\"auto\" class=\"ut-animated-image-item ut-image-gallery-item ut-animation-done \"><a class=\"ut-deactivated-link\" href=\"#\"><div class=\"ut-animated-image-zoom\"><img loading=\"lazy\" decoding=\"async\" class=\"ut-lazy skip-lazy ut-animated-image \"  id=\"ut_am_6a03164c40bf4\" src=\"data:image\/svg+xml;charset=utf-8,%3Csvg xmlns%3D'http%3A%2F%2Fwww.w3.org%2F2000%2Fsvg' viewBox%3D'0 0 945 1322'%2F%3E\" data-src=\"https:\/\/grand-luxe.org\/wp-content\/uploads\/2023\/12\/Micael-Florentz-945x1322.png\" width=\"945\" height=\"1322\" alt=\"\"\/><\/div><\/a><\/div><\/div><\/div>[\/vc_column][vc_column width=\u00a0\u00bb1\/3&Prime;]<div  class=\"wpb_content_element   clearfix\"><style type=\"text\/css\">#ut_am_6a03164c41293 { opacity: 1; }#ut_am_wrap_6a03164c41294 .ut-image-gallery-item-caption-title h3 { letter-spacing: 0em; }#ut_am_wrap_6a03164c41294 .ut-gallery-slider-caption { font-weight: bold; }#ut_am_wrap_6a03164c41294 { text-align: left; }@media (min-width: 768px) and (max-width: 1024px) { #ut_am_wrap_6a03164c41294 { text-align: left !important; } }@media (max-width: 767px) { #ut_am_wrap_6a03164c41294 { text-align: center !important; } }<\/style><div id=\"ut_am_wrap_6a03164c41294\" class=\"ut-image-gallery-image \"><div id=\"ut_reveal_6a03164c41295\"  data-appear-top-offset=\"auto\" class=\"ut-animated-image-item ut-image-gallery-item ut-animation-done \"><a class=\"ut-deactivated-link\" href=\"#\"><div class=\"ut-animated-image-zoom\"><img loading=\"lazy\" decoding=\"async\" class=\"ut-lazy skip-lazy ut-animated-image \"  id=\"ut_am_6a03164c41293\" src=\"data:image\/svg+xml;charset=utf-8,%3Csvg xmlns%3D'http%3A%2F%2Fwww.w3.org%2F2000%2Fsvg' viewBox%3D'0 0 945 1322'%2F%3E\" data-src=\"https:\/\/grand-luxe.org\/wp-content\/uploads\/2023\/12\/simonfeltz-945x1322.png\" width=\"945\" height=\"1322\" alt=\"\"\/><\/div><\/a><\/div><\/div><\/div>[\/vc_column][\/vc_row][vc_row][vc_column width=\u00a0\u00bb2\/3&Prime;][vc_column_text]Cie Tumbleweed<\/p>\n<p><em>Soutenu\u00b7e\u00b7s par Grand Studio, Bruxelles<\/em><\/p>\n<p>Angela Rabaglio est une danseuse et chor\u00e9graphe ind\u00e9pendante vivant \u00e0 Bruxelles, d&rsquo;origine suisse. Elle a suivi une formation de danseuse \u00e0 l&rsquo;AHK d&rsquo;Amsterdam o\u00f9 elle a obtenu en 2013 son dipl\u00f4me de Bachelor en danse contemporaine. Apr\u00e8s cela, elle a cr\u00e9\u00e9 son premier Solo <em>wind-up birds and polaroids<\/em> avec lequel elle s&rsquo;est produite dans plusieurs festivals en Europe. Angela a dans\u00e9 pendant plusieurs ann\u00e9es avec la Compagnie Alias, plus r\u00e9cemment elle travaille avec Jasmine Morand et collabore avec diff\u00e9rents artistes en tant qu&rsquo;\u0153il ext\u00e9rieur. Gr\u00e2ce \u00e0 diff\u00e9rentes influences dans la danse et d&rsquo;autres sources d&rsquo;inspirations du mouvement (arts martiaux, escalade, yoga, dabk\u00e9,&#8230;), elle enseigne \u00e9galement des ateliers et des cours pour les jeunes et les adultes. Elle donne \u00e9galement des ateliers et des cours pour les danseurs (semi-)professionnels, les \u00e9tudiants en cirque et les enfants.<\/p>\n<p>Mica\u00ebl est un chor\u00e9graphe, danseur et musicien d\u2019origine fran\u00e7aise n\u00e9 \u00e0 Besan\u00e7on en 1988 et bas\u00e9 \u00e0 Bruxelles (B) depuis 2011. Il se consacre depuis une dizaine d\u2019ann\u00e9es \u00e0 la composition musicale sous diff\u00e9rents noms (Bielka, Chr\u00e4bb, Mica\u00ebl florentz). Il a \u00e9galement collabor\u00e9 avec l\u2019artiste electronica Judith Juillerat (FR), et r\u00e9alise en 2021 le clip \u00ab PASHMAM \u00bb avec Char\u00e8ne Hamroun.<br \/>\nEn 2014, Mica\u00ebl rencontre la chor\u00e9graphe et danseuse suisse Angela Rabaglio, qui l\u2019introduit spontan\u00e9ment au monde de la danse. Ils fondent ensemble en 2017 la compagnie Tumbleweed et cr\u00e9ent leur premi\u00e8re pi\u00e8ce <em>The Gyre<\/em> qui va susciter un vif int\u00e9r\u00eat aupr\u00e8s de la sc\u00e8ne internationale. Ils travaillent ensuite \u00e0 la cr\u00e9ation de deux nouvelles pi\u00e8ces chor\u00e9graphiques : <em>A Very Eye<\/em> en 2022, et <em>Dehors est blanc<\/em> en 2023.<br \/>\nEn parall\u00e8le de ses travaux personnels, Mica\u00ebl a \u00e9galement collabor\u00e9 en tant qu\u2019interpr\u00e8te avec la chor\u00e9graphe et danseuse G\u00e9raldine Chollet (CH) pour sa pi\u00e8ce <em>Ouverture<\/em> (2021). Il intervient aussi occasionnellement en tant que regard ext\u00e9rieur pour d\u2019autres artistes (Halaqat, collectif Branch\u00e9 ou Fanny Brouyaux).<\/p>\n<p><a href=\"https:\/\/cietumbleweed.com\" target=\"_blank\" rel=\"noopener\">cietumbleweed.com<\/a>[\/vc_column_text][\/vc_column][vc_column width=\u00a0\u00bb1\/3&Prime;][vc_column_text]Simon Feltz<\/p>\n<p><em>Soutenu par le CCN \u2013 Ballet de Lorraine<\/em><\/p>\n<p>Simon Feltz est n\u00e9\u00a0en 1990 \u00e0 Luneville. Apr\u00e8s avoir \u00e9tudi\u00e9 au conservatoire national de danse de Strasbourg puis au jeune ballet de l\u2019\u00e9cole sup\u00e9rieure de danse de Cannes Rosella Hightower\u00a0il int\u00e8gre la compagnie am\u00e9ricaine Alonzo King Lines Ballet en 2010.<\/p>\n<p>En 2011, il rejoint le ballet de l\u2019op\u00e9ra de Lyon o\u00f9 il s\u2019essaie\u00a0\u00e0 un vaste r\u00e9pertoire. Simon danse\u00a0de nombreuses pi\u00e8ces dont\u00a0<em>Second detail, Work within work, Steptext, One flat thing reproduced, Limb\u2019s theorem<\/em>\u00a0de William Forsythe,\u00a0<em>M.G for the Movie\u00a0<\/em>de Trisha Brown, <em>Channels inserts<\/em>\u00a0de Merce Cunningham,\u00a0<em>Tabula Rasa<\/em>\u00a0de Ohad Naharin,\u00a0<em>Cendrillon<\/em>\u00a0de Maguy Marin,\u00a0<em>One of a kind, Petite Mort, Un ballo, Heart\u2019s labyrinth<\/em>\u00a0de Jiri Kylian,\u00a0<em>Ni fleurs ni ford mustang<\/em>\u00a0de Christian Rizzo, <em>This Part in Darkness\u00a0<\/em>et\u00a0<em>Sarabande <\/em>de Benjamin Millepied\u2026 Il participe \u00e9galement \u00e0 des cr\u00e9ations comme\u00a0<em>Faces <\/em>de\u00a0Maguy Marin ou\u00a0<em>Tout autour\u00a0<\/em>de Rachid Ouramdane.<\/p>\n<p>Danseur freelance depuis 2016, il\u00a0a jou\u00e9\u00a0dans diverses productions\u00a0d\u2019artistes\u00a0tel.le.s que\u00a0Romeo Castellucci,\u00a0la compagnie Les Mille Plateaux associ\u00e9s,\u00a0Rachid Ouramdane, Petter Jacobsson et Thomas Caley, Thomas Hauert, Miguel Gutierrez\u00a0et enfin Maud Le Pladec avec qui\u00a0il travaille \u00e9galement comme assistant \u00e0 la chor\u00e9graphie.<\/p>\n<p><a href=\"https:\/\/www.simonfeltz.com\" target=\"_blank\" rel=\"noopener\">simonfeltz.com<\/a>[\/vc_column_text][\/vc_column][\/vc_row][\/vc_section]<\/p>\n","protected":false},"excerpt":{"rendered":"<p>[vc_section][vc_row][vc_column][vc_column_text] Chor\u00e9graphes 2022-2023 [\/vc_column_text][\/vc_column][\/vc_row][vc_row][vc_column width=\u00a0\u00bb1\/3&Prime;][vc_column_text]Baptiste Cazaux Soutenu par L\u2019Abri Baptiste Cazaux s\u2019est form\u00e9 en danse classique \u00e0 Biarritz, avant d\u2019entrer en 2015 au Ballet Junior de Gen\u00e8ve sous la direction de Sean Wood et Patrice Delay. Il y danse notamment des pi\u00e8ces d\u2019Olivier Dubois, Barak Marshall, Roy Assaf, Sharon Eyal et Thomas Hauert. Il pr\u00e9sente [&hellip;]<\/p>\n","protected":false},"author":1,"featured_media":0,"parent":0,"menu_order":0,"comment_status":"closed","ping_status":"closed","template":"","meta":{"footnotes":""},"class_list":["post-110","page","type-page","status-publish","hentry"],"_links":{"self":[{"href":"https:\/\/grand-luxe.org\/index.php\/wp-json\/wp\/v2\/pages\/110","targetHints":{"allow":["GET"]}}],"collection":[{"href":"https:\/\/grand-luxe.org\/index.php\/wp-json\/wp\/v2\/pages"}],"about":[{"href":"https:\/\/grand-luxe.org\/index.php\/wp-json\/wp\/v2\/types\/page"}],"author":[{"embeddable":true,"href":"https:\/\/grand-luxe.org\/index.php\/wp-json\/wp\/v2\/users\/1"}],"replies":[{"embeddable":true,"href":"https:\/\/grand-luxe.org\/index.php\/wp-json\/wp\/v2\/comments?post=110"}],"version-history":[{"count":21,"href":"https:\/\/grand-luxe.org\/index.php\/wp-json\/wp\/v2\/pages\/110\/revisions"}],"predecessor-version":[{"id":669,"href":"https:\/\/grand-luxe.org\/index.php\/wp-json\/wp\/v2\/pages\/110\/revisions\/669"}],"wp:attachment":[{"href":"https:\/\/grand-luxe.org\/index.php\/wp-json\/wp\/v2\/media?parent=110"}],"curies":[{"name":"wp","href":"https:\/\/api.w.org\/{rel}","templated":true}]}}